{"id":4874,"date":"2024-03-05T07:37:04","date_gmt":"2024-03-05T07:37:04","guid":{"rendered":"https:\/\/fietsverhuurouddorp.nl\/anfrage-der-gruppe\/"},"modified":"2024-04-26T12:33:25","modified_gmt":"2024-04-26T12:33:25","slug":"anfrage-der-gruppe","status":"publish","type":"page","link":"https:\/\/fietsverhuurouddorp.nl\/de\/anfrage-der-gruppe\/","title":{"rendered":"Anfrage der Gruppe"},"content":{"rendered":"<style type=\"text\/css\">\n    .header-heights {\n        height: 55vh;\n    }\n    .header-heights.home {\n        height: 65vh;\n    }\n    @media (max-width: 767px) {\n        .header-heights {\n            height: 30vh;\n        }\n        .header-heights.home {\n            height: 50vh;\n        }\n    }\n<\/style><section class=\"header-img\"><\/section>\n<h1 class=\"wp-block-heading has-text-align-left\">Gruppenanfrage Leihfahrr\u00e4der<\/h1>\n\n<p class=\"has-text-align-left\">Entdecken Sie die Radfahrm\u00f6glichkeiten f\u00fcr <strong>Gruppen<\/strong> in der Fietsverhuur Zeeland. Wir liefern die Fahrr\u00e4der vor Ort oder Sie k\u00f6nnen sie an einem unserer Abholorte in Zeeland abholen. Unsere Sondertarife f\u00fcr Gruppen gew\u00e4hrleisten, dass Sie immer eine passende L\u00f6sung erhalten. Setzen Sie sich mit uns in Verbindung und wir finden gemeinsam das ideale Raderlebnis f\u00fcr Ihre Gruppe.<\/p>\n\n<p class=\"has-text-align-left\">Wenn Sie daran interessiert sind, mit einer Gruppe Rad zu fahren, f\u00fcllen Sie bitte hier Ihre <strong>Anfrage<\/strong> aus.<br\/>Wir unterbreiten Ihnen ein passendes, ma\u00dfgeschneidertes <strong>Angebot<\/strong> f\u00fcr Ihre Gruppe.<\/p>\n<style type='text\/css'>\n        #tz-spacer-69fb5223eb600 {\n            background-image: url('https:\/\/fietsverhuurouddorp.nl\/wp-content\/themes\/tz-template\/img\/scheidingslijn.png');\n        }\n    <\/style><div id='tz-spacer-69fb5223eb600' class='tz-spacer'><\/div>\n<script type=\"text\/javascript\">\n    \/\/ Define variables with PHP values\n    var emailPartner = '';\n    var postTitle = 'Anfrage der Gruppe'; \/\/ Use esc_js for safe JavaScript output\n\n    \/\/ Function to decode HTML entities\n    function decodeHtmlEntities(text) {\n        var textArea = document.createElement('textarea');\n        textArea.innerHTML = text;\n        return textArea.value;\n    }\n\n    \/\/ Log to the console for debugging\n    console.log(\"Email Partner Variable Set: \", decodeHtmlEntities(emailPartner));\n    console.log(\"Post Title Variable Set: \", decodeHtmlEntities(postTitle)); \/\/ Decode HTML entities for debugging\n\n    document.addEventListener(\"DOMContentLoaded\", function(){\n        \/\/ Find the container by its data-name attribute for email\n        var partnerMailContainer = document.querySelector('[data-name=\"form_partnermail\"]');\n\n        \/\/ Find the container by its data-name attribute for title\n        var postTitleContainer = document.querySelector('[data-name=\"form_posttitle\"]'); \/\/ Adjust the data-name to your title field's data-name\n\n        \/\/ Set the email field value, decoding HTML entities\n        if(partnerMailContainer) {\n            var emailPartnerField = partnerMailContainer.querySelector('input');\n            if(emailPartnerField) {\n                emailPartnerField.value = decodeHtmlEntities('');\n            }\n        }\n\n        \/\/ Set the title field value, decoding HTML entities\n        if(postTitleContainer) {\n            var postTitleField = postTitleContainer.querySelector('input');\n            if(postTitleField) {\n                postTitleField.value = decodeHtmlEntities('Anfrage der Gruppe'); \/\/ Decode HTML entities when setting the value\n            }\n        }\n    });\n<\/script>\n\n\n<form class=\"af-form acf-form\" method=\"POST\" action=\"https:\/\/fietsverhuurouddorp.nl\/de\/wp-json\/wp\/v2\/pages\/4874\" id=\"form_65dd9bfcc7af3\" data-key=\"form_65dd9bfcc7af3\"><div class=\"af-fields acf-fields acf-form-fields -top\">\t<div id=\"acf-form-data\" class=\"acf-hidden\">\n\t\t<input type=\"hidden\" id=\"_acf_screen\" name=\"_acf_screen\" value=\"acf_form\"\/><input type=\"hidden\" id=\"_acf_post_id\" name=\"_acf_post_id\" value=\"0\"\/><input type=\"hidden\" id=\"_acf_validation\" name=\"_acf_validation\" value=\"1\"\/><input type=\"hidden\" id=\"_acf_form\" name=\"_acf_form\" value=\"0\"\/><input type=\"hidden\" id=\"_acf_nonce\" name=\"_acf_nonce\" value=\"93762846b8\"\/><input type=\"hidden\" id=\"_acf_changed\" name=\"_acf_changed\" value=\"0\"\/>\t<\/div>\n\t<div class=\"acf-hidden\"><input type=\"hidden\" name=\"_acfnonce\" value=\"40505cfbba\"><input type=\"hidden\" name=\"nonce\" value=\"40505cfbba\"><input type=\"hidden\" name=\"af_form\" value=\"form_65dd9bfcc7af3\"><input type=\"hidden\" name=\"af_form_args\" value=\"eyJhamF4IjpmYWxzZSwiZGlzcGxheV90aXRsZSI6ZmFsc2UsImRpc3BsYXlfZGVzY3JpcHRpb24iOmZhbHNlLCJpZCI6ImZvcm1fNjVkZDliZmNjN2FmMyIsInZhbHVlcyI6W10sInN1Ym1pdF90ZXh0IjoiU2VuZGVuIiwicmVkaXJlY3QiOiJcL2JldmVzdGlnaW5nLWZvcm11bGllciIsInRhcmdldCI6Imh0dHBzOlwvXC9maWV0c3Zlcmh1dXJvdWRkb3JwLm5sXC9kZVwvd3AtanNvblwvd3BcL3YyXC9wYWdlc1wvNDg3NCIsImVjaG8iOnRydWUsImV4Y2x1ZGVfZmllbGRzIjp7IjAiOiJmb3JtX2RheXMiLCIxIjoiZm9ybV92ZXJibGlqZiIsIjIiOiJmb3JtX3ZlcmJsaWpmX2FkcmVzIiwiMyI6ImZvcm1fdmVyYmxpamZfd29vbiIsIjkiOiJmb3JtX2RhdGUifSwidXBsb2FkZXIiOiJ3cCIsImZpbHRlcl9tb2RlIjpmYWxzZSwibGFiZWxfcGxhY2VtZW50IjoidG9wIiwiaW5zdHJ1Y3Rpb25fcGxhY2VtZW50IjoibGFiZWwiLCJob25leXBvdCI6dHJ1ZX0=\"><input type=\"hidden\" name=\"_acf_form\" value=\"eyJhamF4IjpmYWxzZSwiZGlzcGxheV90aXRsZSI6ZmFsc2UsImRpc3BsYXlfZGVzY3JpcHRpb24iOmZhbHNlLCJpZCI6ImZvcm1fNjVkZDliZmNjN2FmMyIsInZhbHVlcyI6W10sInN1Ym1pdF90ZXh0IjoiU2VuZGVuIiwicmVkaXJlY3QiOiJcL2JldmVzdGlnaW5nLWZvcm11bGllciIsInRhcmdldCI6Imh0dHBzOlwvXC9maWV0c3Zlcmh1dXJvdWRkb3JwLm5sXC9kZVwvd3AtanNvblwvd3BcL3YyXC9wYWdlc1wvNDg3NCIsImVjaG8iOnRydWUsImV4Y2x1ZGVfZmllbGRzIjp7IjAiOiJmb3JtX2RheXMiLCIxIjoiZm9ybV92ZXJibGlqZiIsIjIiOiJmb3JtX3ZlcmJsaWpmX2FkcmVzIiwiMyI6ImZvcm1fdmVyYmxpamZfd29vbiIsIjkiOiJmb3JtX2RhdGUifSwidXBsb2FkZXIiOiJ3cCIsImZpbHRlcl9tb2RlIjpmYWxzZSwibGFiZWxfcGxhY2VtZW50IjoidG9wIiwiaW5zdHJ1Y3Rpb25fcGxhY2VtZW50IjoibGFiZWwiLCJob25leXBvdCI6dHJ1ZX0=\"><input type=\"hidden\" name=\"af_form_nonce\" value=\"ca1bbcce19\"><label for=\"af_email_for_non_humans_form_65dd9bfcc7af3\" aria-hidden=\"true\">Email for non-humans<\/label><input type=\"text\" name=\"email_for_non_humans\" id=\"af_email_for_non_humans_form_65dd9bfcc7af3\" tabindex=\"-1\" autocomplete=\"off\" \/><input type=\"hidden\" name=\"af_origin_url\" value=\"https:\/\/fietsverhuurouddorp.nl\/de\/wp-json\/wp\/v2\/pages\/4874\" \/><\/div><div class=\"hidden af-field af-field-type-text af-field-form-posttitle acf-field acf-field-text acf-field-65ddf424ad00a\" data-name=\"form_posttitle\" data-key=\"field_65ddf424ad00a\" data-type=\"text\"><div class=\"af-label acf-label\"><label for=\"acf-field_65ddf424ad00a\">Art der Seite<\/label><\/div><div class=\"af-input acf-input\"><div class=\"acf-input-wrap\"><input type=\"text\" id=\"acf-field_65ddf424ad00a\" name=\"acf[field_65ddf424ad00a]\"\/><\/div><\/div><\/div><div class=\"af-field af-field-type-text af-field-form-name acf-field acf-field-text acf-field-65dd9d6ce4a1e\" data-name=\"form_name\" data-key=\"field_65dd9d6ce4a1e\" data-type=\"text\"><div class=\"af-label acf-label\"><label for=\"acf-field_65dd9d6ce4a1e\">Name:<\/label><\/div><div class=\"af-input acf-input\"><div class=\"acf-input-wrap\"><input type=\"text\" id=\"acf-field_65dd9d6ce4a1e\" name=\"acf[field_65dd9d6ce4a1e]\"\/><\/div><\/div><\/div><div class=\"af-field af-field-type-text af-field-form-adres acf-field acf-field-text acf-field-65dd9d75e4a1f\" data-name=\"form_adres\" data-key=\"field_65dd9d75e4a1f\" data-type=\"text\"><div class=\"af-label acf-label\"><label for=\"acf-field_65dd9d75e4a1f\">Adresse<\/label><\/div><div class=\"af-input acf-input\"><div class=\"acf-input-wrap\"><input type=\"text\" id=\"acf-field_65dd9d75e4a1f\" name=\"acf[field_65dd9d75e4a1f]\"\/><\/div><\/div><\/div><div class=\"af-field af-field-type-text af-field-form-phone acf-field acf-field-text acf-field-65dd9d81e4a20\" data-name=\"form_phone\" data-key=\"field_65dd9d81e4a20\" data-type=\"text\"><div class=\"af-label acf-label\"><label for=\"acf-field_65dd9d81e4a20\">Telefonnummer<\/label><\/div><div class=\"af-input acf-input\"><div class=\"acf-input-wrap\"><input type=\"text\" id=\"acf-field_65dd9d81e4a20\" name=\"acf[field_65dd9d81e4a20]\"\/><\/div><\/div><\/div><div class=\"af-field af-field-type-text af-field-form-email acf-field acf-field-text acf-field-65dda2d8b9bc1\" data-name=\"form_email\" data-key=\"field_65dda2d8b9bc1\" data-type=\"text\"><div class=\"af-label acf-label\"><label for=\"acf-field_65dda2d8b9bc1\">E-mail adresse:<\/label><\/div><div class=\"af-input acf-input\"><div class=\"acf-input-wrap\"><input type=\"text\" id=\"acf-field_65dda2d8b9bc1\" name=\"acf[field_65dda2d8b9bc1]\"\/><\/div><\/div><\/div><div class=\"af-field af-field-type-date-picker af-field-form-date-bezorg acf-field acf-field-date-picker acf-field-65dde9c39b4a3\" data-name=\"form_date_bezorg\" data-key=\"field_65dde9c39b4a3\" data-type=\"date_picker\"><div class=\"af-label acf-label\"><label for=\"acf-field_65dde9c39b4a3\">Liefertermin<\/label><\/div><div class=\"af-input acf-input\">\t\t<div class=\"acf-date-picker acf-input-wrap\" data-date_format=\"MM d, yy\" data-first_day=\"1\">\n\t\t\t<input type=\"hidden\" id=\"acf-field_65dde9c39b4a3\" name=\"acf[field_65dde9c39b4a3]\" value=\"\"\/>\t\t\t<input type=\"text\" class=\"input\" value=\"\"\/>\t\t<\/div>\n\t\t\t<\/div><\/div><div class=\"af-field af-field-type-text af-field-form-gr-aanvraag-days acf-field acf-field-text acf-field-65ddefbe36c11\" data-name=\"form_gr_aanvraag_days\" data-key=\"field_65ddefbe36c11\" data-type=\"text\"><div class=\"af-label acf-label\"><label for=\"acf-field_65ddefbe36c11\">Anzahl der Miettage<\/label><\/div><div class=\"af-input acf-input\"><div class=\"acf-input-wrap\"><input type=\"text\" id=\"acf-field_65ddefbe36c11\" name=\"acf[field_65ddefbe36c11]\"\/><\/div><\/div><\/div><div class=\"af-field af-field-type-text af-field-form-gr-aanvraag-person acf-field acf-field-text acf-field-65ddefd236c12\" data-name=\"form_gr_aanvraag_person\" data-key=\"field_65ddefd236c12\" data-type=\"text\"><div class=\"af-label acf-label\"><label for=\"acf-field_65ddefd236c12\">Personenzahl<\/label><\/div><div class=\"af-input acf-input\"><div class=\"acf-input-wrap\"><input type=\"text\" id=\"acf-field_65ddefd236c12\" name=\"acf[field_65ddefd236c12]\"\/><\/div><\/div><\/div><div class=\"af-field af-field-type-repeater af-field-form-bike-repeat acf-field acf-field-repeater acf-field-65dda04fbf725\" data-name=\"form_bike_repeat\" data-key=\"field_65dda04fbf725\" data-type=\"repeater\"><div class=\"af-label acf-label\"><label for=\"acf-field_65dda04fbf725\">W\u00e4hlen Sie Ihre Fahrr\u00e4der<\/label><\/div><div class=\"af-input acf-input\">\t\t<div class=\"acf-repeater -table\" data-min=\"1\" data-max=\"0\" data-pagination=\"0\">\n\t\t\t<input type=\"hidden\" name=\"acf[field_65dda04fbf725]\" value=\"\" class=\"acf-repeater-hidden-input\"\/>\t\t\t<table class=\"acf-table\">\n\t\t\t\t\t\t<thead>\n\t\t\t<tr>\n\t\t\t\t\t\t\t\t\t<th class=\"acf-row-handle\"><\/th>\n\t\t\t\t\n\t\t\t\t\t\t\t\t\t<th class=\"acf-th\" data-name=\"form_bikes\" data-type=\"text\" data-key=\"field_65dd9dc3e4a23\">\n\t\t\t\t\t\t<label>Fahrr\u00e4der<\/label>\t\t\t\t\t\t\t\t\t\t\t<\/th>\n\t\t\t\t\t\t\t\t\t<th class=\"acf-th\" data-name=\"form_aantal\" data-type=\"number\" data-key=\"field_65dda069bf726\">\n\t\t\t\t\t\t<label>Anzahl<\/label>\t\t\t\t\t\t\t\t\t\t\t<\/th>\n\t\t\t\t\n\t\t\t\t\t\t\t\t\t<th class=\"acf-row-handle\"><\/th>\n\t\t\t\t\t\t\t<\/tr>\n\t\t<\/thead>\n\t\t\t\t\t\t<tbody>\n\t\t\t\t\t<tr class=\"acf-row\" data-id=\"row-0\">\t\t<td class=\"acf-row-handle order\" title=\"Ziehen zum Sortieren\">\n\t\t\t\t\t\t<span class=\"acf-row-number\" title=\"Click to reorder\">1<\/span>\t\t<\/td>\n\t\t<td class=\"acf-field acf-field-text acf-field-65dd9dc3e4a23\" data-name=\"form_bikes\" data-type=\"text\" data-key=\"field_65dd9dc3e4a23\">\n<div class=\"acf-input\">\n<div class=\"acf-input-wrap\"><input type=\"text\" id=\"acf-field_65dda04fbf725-row-0-field_65dd9dc3e4a23\" name=\"acf[field_65dda04fbf725][row-0][field_65dd9dc3e4a23]\"\/><\/div><\/div>\n<\/td>\n<td class=\"acf-field acf-field-number acf-field-65dda069bf726\" data-name=\"form_aantal\" data-type=\"number\" data-key=\"field_65dda069bf726\">\n<div class=\"acf-input\">\n<div class=\"acf-input-wrap\"><input type=\"number\" id=\"acf-field_65dda04fbf725-row-0-field_65dda069bf726\" name=\"acf[field_65dda04fbf725][row-0][field_65dda069bf726]\" value=\"1\" min=\"1\" max=\"50\" step=\"any\"\/><\/div><\/div>\n<\/td>\n\t\t<td class=\"acf-row-handle remove\">\n\t\t\t<a class=\"acf-icon -plus small acf-js-tooltip hide-on-shift\" href=\"#\" data-event=\"add-row\" title=\"Eintrag hinzuf\u00fcgen\"><\/a>\n\t\t\t<a class=\"acf-icon -duplicate small acf-js-tooltip show-on-shift\" href=\"#\" data-event=\"duplicate-row\" title=\"Zeile duplizieren\"><\/a>\n\t\t\t<a class=\"acf-icon -minus small acf-js-tooltip\" href=\"#\" data-event=\"remove-row\" title=\"Eintrag entfernen\"><\/a>\n\t\t<\/td>\n\t\t<\/tr><tr class=\"acf-row acf-clone\" data-id=\"acfcloneindex\">\t\t<td class=\"acf-row-handle order\" title=\"Ziehen zum Sortieren\">\n\t\t\t\t\t\t<span class=\"acf-row-number\" title=\"Click to reorder\">1<\/span>\t\t<\/td>\n\t\t<td class=\"acf-field acf-field-text acf-field-65dd9dc3e4a23\" data-name=\"form_bikes\" data-type=\"text\" data-key=\"field_65dd9dc3e4a23\">\n<div class=\"acf-input\">\n<div class=\"acf-input-wrap\"><input type=\"text\" id=\"acf-field_65dda04fbf725-acfcloneindex-field_65dd9dc3e4a23\" name=\"acf[field_65dda04fbf725][acfcloneindex][field_65dd9dc3e4a23]\"\/><\/div><\/div>\n<\/td>\n<td class=\"acf-field acf-field-number acf-field-65dda069bf726\" data-name=\"form_aantal\" data-type=\"number\" data-key=\"field_65dda069bf726\">\n<div class=\"acf-input\">\n<div class=\"acf-input-wrap\"><input type=\"number\" id=\"acf-field_65dda04fbf725-acfcloneindex-field_65dda069bf726\" name=\"acf[field_65dda04fbf725][acfcloneindex][field_65dda069bf726]\" value=\"1\" min=\"1\" max=\"50\" step=\"any\"\/><\/div><\/div>\n<\/td>\n\t\t<td class=\"acf-row-handle remove\">\n\t\t\t<a class=\"acf-icon -plus small acf-js-tooltip hide-on-shift\" href=\"#\" data-event=\"add-row\" title=\"Eintrag hinzuf\u00fcgen\"><\/a>\n\t\t\t<a class=\"acf-icon -duplicate small acf-js-tooltip show-on-shift\" href=\"#\" data-event=\"duplicate-row\" title=\"Zeile duplizieren\"><\/a>\n\t\t\t<a class=\"acf-icon -minus small acf-js-tooltip\" href=\"#\" data-event=\"remove-row\" title=\"Eintrag entfernen\"><\/a>\n\t\t<\/td>\n\t\t<\/tr>\n\t\t\t\t<\/tbody>\n\t\t\t<\/table>\n\t\t\t\t\t<div class=\"acf-actions\">\n\t\t\t<a class=\"acf-button acf-repeater-add-row button button-primary\" href=\"#\" data-event=\"add-row\">Fahrrad hinzuf\u00fcgen<\/a>\n\t\t\t\t\t\t<div class=\"clear\"><\/div>\n\t\t<\/div>\n\t\t\t\t<\/div>\n\t\t<\/div><\/div><div class=\"af-field af-field-type-text af-field-form-gr-aanvraag-locatie acf-field acf-field-text acf-field-65dde9e29b4a4\" data-name=\"form_gr_aanvraag_locatie\" data-key=\"field_65dde9e29b4a4\" data-type=\"text\"><div class=\"af-label acf-label\"><label for=\"acf-field_65dde9e29b4a4\">Abholort<\/label><\/div><div class=\"af-input acf-input\"><div class=\"acf-input-wrap\"><input type=\"text\" id=\"acf-field_65dde9e29b4a4\" name=\"acf[field_65dde9e29b4a4]\"\/><\/div><\/div><\/div><div class=\"af-field af-field-type-text af-field-form-gr-aanvraag-adres acf-field acf-field-text acf-field-65ddea2b9b4a5\" data-name=\"form_gr_aanvraag_adres\" data-key=\"field_65ddea2b9b4a5\" data-type=\"text\"><div class=\"af-label acf-label\"><label for=\"acf-field_65ddea2b9b4a5\">Lieferadresse<\/label><\/div><div class=\"af-input acf-input\"><div class=\"acf-input-wrap\"><input type=\"text\" id=\"acf-field_65ddea2b9b4a5\" name=\"acf[field_65ddea2b9b4a5]\"\/><\/div><\/div><\/div><div class=\"af-field af-field-type-time-picker af-field-form-gr-aanvraag-starttijd acf-field acf-field-time-picker acf-field-65ddea3f9b4a6\" data-name=\"form_gr_aanvraag_starttijd\" data-key=\"field_65ddea3f9b4a6\" data-type=\"time_picker\"><div class=\"af-label acf-label\"><label for=\"acf-field_65ddea3f9b4a6\">Startzeit<\/label><\/div><div class=\"af-input acf-input\">\t\t<div class=\"acf-time-picker acf-input-wrap\" data-time_format=\"HH:mm:ss\">\n\t\t\t<input type=\"hidden\" id=\"acf-field_65ddea3f9b4a6\" class=\"input-alt\" type=\"hidden\" name=\"acf[field_65ddea3f9b4a6]\" value=\"\"\/>\t\t\t<input type=\"text\" class=\"input\" value=\"\"\/>\t\t<\/div>\n\t\t\t<\/div><\/div><div class=\"af-field af-field-type-time-picker af-field-form-gr-aanvraag-eindtijd acf-field acf-field-time-picker acf-field-65ddea619b4a7\" data-name=\"form_gr_aanvraag_eindtijd\" data-key=\"field_65ddea619b4a7\" data-type=\"time_picker\"><div class=\"af-label acf-label\"><label for=\"acf-field_65ddea619b4a7\">Endzeit<\/label><\/div><div class=\"af-input acf-input\">\t\t<div class=\"acf-time-picker acf-input-wrap\" data-time_format=\"HH:mm:ss\">\n\t\t\t<input type=\"hidden\" id=\"acf-field_65ddea619b4a7\" class=\"input-alt\" type=\"hidden\" name=\"acf[field_65ddea619b4a7]\" value=\"\"\/>\t\t\t<input type=\"text\" class=\"input\" value=\"\"\/>\t\t<\/div>\n\t\t\t<\/div><\/div><div class=\"af-field af-field-type-textarea af-field-form-comments acf-field acf-field-textarea acf-field-65dd9de6e4a24\" data-name=\"form_comments\" data-key=\"field_65dd9de6e4a24\" data-type=\"textarea\"><div class=\"af-label acf-label\"><label for=\"acf-field_65dd9de6e4a24\">Bemerkungen:<\/label><\/div><div class=\"af-input acf-input\"><textarea id=\"acf-field_65dd9de6e4a24\" name=\"acf[field_65dd9de6e4a24]\" rows=\"8\"><\/textarea><\/div><\/div><div class=\"form-partnermail hidden af-field af-field-type-text af-field-form-partnermail acf-field acf-field-text acf-field-65ddba744748f\" data-name=\"form_partnermail\" data-key=\"field_65ddba744748f\" data-type=\"text\"><div class=\"af-label acf-label\"><label for=\"acf-field_65ddba744748f\">form_partnermail<\/label><\/div><div class=\"af-input acf-input\"><div class=\"acf-input-wrap\"><input type=\"text\" id=\"acf-field_65ddba744748f\" name=\"acf[field_65ddba744748f]\"\/><\/div><\/div><\/div><div class=\"af-submit acf-form-submit\"><button type=\"submit\" class=\"acf-button af-submit-button btn\">Senden<\/button><span class=\"acf-spinner af-spinner\"><\/span><\/div><\/div><\/form>\n","protected":false},"excerpt":{"rendered":"<p>Gruppenanfrage Leihfahrr\u00e4der Entdecken Sie die Radfahrm\u00f6glichkeiten f\u00fcr Gruppen in der Fietsverhuur Zeeland. Wir liefern die Fahrr\u00e4der vor Ort oder Sie k\u00f6nnen sie an einem unserer Abholorte in Zeeland abholen. Unsere Sondertarife f\u00fcr Gruppen gew\u00e4hrleisten, dass Sie immer eine passende L\u00f6sung erhalten. Setzen Sie sich mit uns in Verbindung und wir finden gemeinsam das ideale Raderlebnis [&hellip;]<\/p>\n","protected":false},"author":1,"featured_media":0,"parent":0,"menu_order":0,"comment_status":"closed","ping_status":"closed","template":"","meta":{"footnotes":""},"class_list":["post-4874","page","type-page","status-publish","hentry"],"acf":[],"yoast_head":"<!-- This site is optimized with the Yoast SEO plugin v24.5 - https:\/\/yoast.com\/wordpress\/plugins\/seo\/ -->\n<title>Anfrage der Gruppe | Fahrradverleih Zeeland<\/title>\n<meta name=\"robots\" content=\"index, follow, max-snippet:-1, max-image-preview:large, max-video-preview:-1\" \/>\n<link rel=\"canonical\" href=\"https:\/\/fietsverhuurouddorp.nl\/de\/anfrage-der-gruppe\/\" \/>\n<meta property=\"og:locale\" content=\"de_DE\" \/>\n<meta property=\"og:type\" content=\"article\" \/>\n<meta property=\"og:title\" content=\"Anfrage der Gruppe | Fahrradverleih Zeeland\" \/>\n<meta property=\"og:description\" content=\"Gruppenanfrage Leihfahrr\u00e4der Entdecken Sie die Radfahrm\u00f6glichkeiten f\u00fcr Gruppen in der Fietsverhuur Zeeland. Wir liefern die Fahrr\u00e4der vor Ort oder Sie k\u00f6nnen sie an einem unserer Abholorte in Zeeland abholen. Unsere Sondertarife f\u00fcr Gruppen gew\u00e4hrleisten, dass Sie immer eine passende L\u00f6sung erhalten. Setzen Sie sich mit uns in Verbindung und wir finden gemeinsam das ideale Raderlebnis [&hellip;]\" \/>\n<meta property=\"og:url\" content=\"https:\/\/fietsverhuurouddorp.nl\/de\/anfrage-der-gruppe\/\" \/>\n<meta property=\"og:site_name\" content=\"Fahrradverleih Zeeland\" \/>\n<meta property=\"article:publisher\" content=\"https:\/\/www.facebook.com\/FietsverhuurZeeland\/\" \/>\n<meta property=\"article:modified_time\" content=\"2024-04-26T12:33:25+00:00\" \/>\n<meta name=\"twitter:card\" content=\"summary_large_image\" \/>\n<script type=\"application\/ld+json\" class=\"yoast-schema-graph\">{\"@context\":\"https:\/\/schema.org\",\"@graph\":[{\"@type\":\"WebPage\",\"@id\":\"https:\/\/fietsverhuurouddorp.nl\/de\/anfrage-der-gruppe\/\",\"url\":\"https:\/\/fietsverhuurouddorp.nl\/de\/anfrage-der-gruppe\/\",\"name\":\"Anfrage der Gruppe | Fahrradverleih Zeeland\",\"isPartOf\":{\"@id\":\"https:\/\/fietsverhuurouddorp.nl\/#website\"},\"datePublished\":\"2024-03-05T07:37:04+00:00\",\"dateModified\":\"2024-04-26T12:33:25+00:00\",\"breadcrumb\":{\"@id\":\"https:\/\/fietsverhuurouddorp.nl\/de\/anfrage-der-gruppe\/#breadcrumb\"},\"inLanguage\":\"de\",\"potentialAction\":[{\"@type\":\"ReadAction\",\"target\":[\"https:\/\/fietsverhuurouddorp.nl\/de\/anfrage-der-gruppe\/\"]}]},{\"@type\":\"BreadcrumbList\",\"@id\":\"https:\/\/fietsverhuurouddorp.nl\/de\/anfrage-der-gruppe\/#breadcrumb\",\"itemListElement\":[{\"@type\":\"ListItem\",\"position\":1,\"name\":\"Home\",\"item\":\"https:\/\/fietsverhuurouddorp.nl\/de\/standort-ouddorp-zentrum\/\"},{\"@type\":\"ListItem\",\"position\":2,\"name\":\"Anfrage der Gruppe\"}]},{\"@type\":\"WebSite\",\"@id\":\"https:\/\/fietsverhuurouddorp.nl\/#website\",\"url\":\"https:\/\/fietsverhuurouddorp.nl\/\",\"name\":\"Fietsverhuur Zeeland\",\"description\":\"Fietsverhuur in heel Zeeland\",\"publisher\":{\"@id\":\"https:\/\/fietsverhuurouddorp.nl\/#organization\"},\"potentialAction\":[{\"@type\":\"SearchAction\",\"target\":{\"@type\":\"EntryPoint\",\"urlTemplate\":\"https:\/\/fietsverhuurouddorp.nl\/?s={search_term_string}\"},\"query-input\":{\"@type\":\"PropertyValueSpecification\",\"valueRequired\":true,\"valueName\":\"search_term_string\"}}],\"inLanguage\":\"de\"},{\"@type\":\"Organization\",\"@id\":\"https:\/\/fietsverhuurouddorp.nl\/#organization\",\"name\":\"Fietsverhuur Zeeland\",\"url\":\"https:\/\/fietsverhuurouddorp.nl\/\",\"logo\":{\"@type\":\"ImageObject\",\"inLanguage\":\"de\",\"@id\":\"https:\/\/fietsverhuurouddorp.nl\/#\/schema\/logo\/image\/\",\"url\":\"https:\/\/fietsverhuurouddorp.nl\/wp-content\/uploads\/2024\/02\/fietsverhuur_logo_retina.png\",\"contentUrl\":\"https:\/\/fietsverhuurouddorp.nl\/wp-content\/uploads\/2024\/02\/fietsverhuur_logo_retina.png\",\"width\":301,\"height\":181,\"caption\":\"Fietsverhuur Zeeland\"},\"image\":{\"@id\":\"https:\/\/fietsverhuurouddorp.nl\/#\/schema\/logo\/image\/\"},\"sameAs\":[\"https:\/\/www.facebook.com\/FietsverhuurZeeland\/\"]}]}<\/script>\n<!-- \/ Yoast SEO plugin. -->","yoast_head_json":{"title":"Anfrage der Gruppe | Fahrradverleih Zeeland","robots":{"index":"index","follow":"follow","max-snippet":"max-snippet:-1","max-image-preview":"max-image-preview:large","max-video-preview":"max-video-preview:-1"},"canonical":"https:\/\/fietsverhuurouddorp.nl\/de\/anfrage-der-gruppe\/","og_locale":"de_DE","og_type":"article","og_title":"Anfrage der Gruppe | Fahrradverleih Zeeland","og_description":"Gruppenanfrage Leihfahrr\u00e4der Entdecken Sie die Radfahrm\u00f6glichkeiten f\u00fcr Gruppen in der Fietsverhuur Zeeland. Wir liefern die Fahrr\u00e4der vor Ort oder Sie k\u00f6nnen sie an einem unserer Abholorte in Zeeland abholen. Unsere Sondertarife f\u00fcr Gruppen gew\u00e4hrleisten, dass Sie immer eine passende L\u00f6sung erhalten. Setzen Sie sich mit uns in Verbindung und wir finden gemeinsam das ideale Raderlebnis [&hellip;]","og_url":"https:\/\/fietsverhuurouddorp.nl\/de\/anfrage-der-gruppe\/","og_site_name":"Fahrradverleih Zeeland","article_publisher":"https:\/\/www.facebook.com\/FietsverhuurZeeland\/","article_modified_time":"2024-04-26T12:33:25+00:00","twitter_card":"summary_large_image","schema":{"@context":"https:\/\/schema.org","@graph":[{"@type":"WebPage","@id":"https:\/\/fietsverhuurouddorp.nl\/de\/anfrage-der-gruppe\/","url":"https:\/\/fietsverhuurouddorp.nl\/de\/anfrage-der-gruppe\/","name":"Anfrage der Gruppe | Fahrradverleih Zeeland","isPartOf":{"@id":"https:\/\/fietsverhuurouddorp.nl\/#website"},"datePublished":"2024-03-05T07:37:04+00:00","dateModified":"2024-04-26T12:33:25+00:00","breadcrumb":{"@id":"https:\/\/fietsverhuurouddorp.nl\/de\/anfrage-der-gruppe\/#breadcrumb"},"inLanguage":"de","potentialAction":[{"@type":"ReadAction","target":["https:\/\/fietsverhuurouddorp.nl\/de\/anfrage-der-gruppe\/"]}]},{"@type":"BreadcrumbList","@id":"https:\/\/fietsverhuurouddorp.nl\/de\/anfrage-der-gruppe\/#breadcrumb","itemListElement":[{"@type":"ListItem","position":1,"name":"Home","item":"https:\/\/fietsverhuurouddorp.nl\/de\/standort-ouddorp-zentrum\/"},{"@type":"ListItem","position":2,"name":"Anfrage der Gruppe"}]},{"@type":"WebSite","@id":"https:\/\/fietsverhuurouddorp.nl\/#website","url":"https:\/\/fietsverhuurouddorp.nl\/","name":"Fietsverhuur Zeeland","description":"Fietsverhuur in heel Zeeland","publisher":{"@id":"https:\/\/fietsverhuurouddorp.nl\/#organization"},"potentialAction":[{"@type":"SearchAction","target":{"@type":"EntryPoint","urlTemplate":"https:\/\/fietsverhuurouddorp.nl\/?s={search_term_string}"},"query-input":{"@type":"PropertyValueSpecification","valueRequired":true,"valueName":"search_term_string"}}],"inLanguage":"de"},{"@type":"Organization","@id":"https:\/\/fietsverhuurouddorp.nl\/#organization","name":"Fietsverhuur Zeeland","url":"https:\/\/fietsverhuurouddorp.nl\/","logo":{"@type":"ImageObject","inLanguage":"de","@id":"https:\/\/fietsverhuurouddorp.nl\/#\/schema\/logo\/image\/","url":"https:\/\/fietsverhuurouddorp.nl\/wp-content\/uploads\/2024\/02\/fietsverhuur_logo_retina.png","contentUrl":"https:\/\/fietsverhuurouddorp.nl\/wp-content\/uploads\/2024\/02\/fietsverhuur_logo_retina.png","width":301,"height":181,"caption":"Fietsverhuur Zeeland"},"image":{"@id":"https:\/\/fietsverhuurouddorp.nl\/#\/schema\/logo\/image\/"},"sameAs":["https:\/\/www.facebook.com\/FietsverhuurZeeland\/"]}]}},"_links":{"self":[{"href":"https:\/\/fietsverhuurouddorp.nl\/de\/wp-json\/wp\/v2\/pages\/4874","targetHints":{"allow":["GET"]}}],"collection":[{"href":"https:\/\/fietsverhuurouddorp.nl\/de\/wp-json\/wp\/v2\/pages"}],"about":[{"href":"https:\/\/fietsverhuurouddorp.nl\/de\/wp-json\/wp\/v2\/types\/page"}],"author":[{"embeddable":true,"href":"https:\/\/fietsverhuurouddorp.nl\/de\/wp-json\/wp\/v2\/users\/1"}],"replies":[{"embeddable":true,"href":"https:\/\/fietsverhuurouddorp.nl\/de\/wp-json\/wp\/v2\/comments?post=4874"}],"version-history":[{"count":1,"href":"https:\/\/fietsverhuurouddorp.nl\/de\/wp-json\/wp\/v2\/pages\/4874\/revisions"}],"predecessor-version":[{"id":4876,"href":"https:\/\/fietsverhuurouddorp.nl\/de\/wp-json\/wp\/v2\/pages\/4874\/revisions\/4876"}],"wp:attachment":[{"href":"https:\/\/fietsverhuurouddorp.nl\/de\/wp-json\/wp\/v2\/media?parent=4874"}],"curies":[{"name":"wp","href":"https:\/\/api.w.org\/{rel}","templated":true}]}}